{"id":178,"date":"2023-06-23T11:45:26","date_gmt":"2023-06-23T11:45:26","guid":{"rendered":"https:\/\/meetingpros.io\/?page_id=178"},"modified":"2023-09-08T12:33:18","modified_gmt":"2023-09-08T12:33:18","slug":"about","status":"publish","type":"page","link":"https:\/\/meetingpros.io\/en\/about\/","title":{"rendered":"About"},"content":{"rendered":"<div data-elementor-type=\"wp-page\" data-elementor-id=\"178\" class=\"elementor elementor-178\">\n\t\t\t\t\t\t\t\t\t<section class=\"elementor-section elementor-top-section elementor-element elementor-element-9f9117d elementor-section-boxed elementor-section-height-default elementor-section-height-default\" data-id=\"9f9117d\" data-element_type=\"section\">\n\t\t\t\t\t\t<div class=\"elementor-container elementor-column-gap-default\">\n\t\t\t\t\t<div class=\"elementor-column elementor-col-100 elementor-top-column elementor-element elementor-element-83e5b33\" data-id=\"83e5b33\" data-element_type=\"column\">\n\t\t\t<div class=\"elementor-widget-wrap elementor-element-populated\">\n\t\t\t\t\t\t\t\t<div class=\"elementor-element elementor-element-17ec994 elementor-widget elementor-widget-title_text\" data-id=\"17ec994\" data-element_type=\"widget\" data-widget_type=\"title_text.default\">\n\t\t\t\t<div class=\"elementor-widget-container\">\n\t\t\t<section class=\"section section-title-text\"\n         style=\"background-color: #BCBCBC;\">\n    <div class=\"wrapper-content center\"\n         style=\"padding-top: 4rem;                 padding-bottom: 3rem;\">\n        <div class=\"content\"\n             style=\"color:;\">\n            <h2 style=\"color: ;\">\n                Accessible like Google. Trusted like a professional.            <\/h2>\n\n            <p>Responses from the best professionals, immediate and always available, for the most important questions.<\/p>\n            <!-- <a href=\"#\" class=\"button button-primary mt-4\">Ver m\u00e1s<\/a> -->\n        <\/div>\n    <\/div>\n<\/section>\n\t\t<\/div>\n\t\t\t\t<\/div>\n\t\t\t\t\t<\/div>\n\t\t<\/div>\n\t\t\t\t\t\t\t<\/div>\n\t\t<\/section>\n\t\t\t\t<section class=\"elementor-section elementor-top-section elementor-element elementor-element-da3a3dd elementor-section-boxed elementor-section-height-default elementor-section-height-default\" data-id=\"da3a3dd\" data-element_type=\"section\">\n\t\t\t\t\t\t<div class=\"elementor-container elementor-column-gap-default\">\n\t\t\t\t\t<div class=\"elementor-column elementor-col-100 elementor-top-column elementor-element elementor-element-a78e9ad\" data-id=\"a78e9ad\" data-element_type=\"column\">\n\t\t\t<div class=\"elementor-widget-wrap elementor-element-populated\">\n\t\t\t\t\t\t\t\t<div class=\"elementor-element elementor-element-f553de2 elementor-widget elementor-widget-image_text\" data-id=\"f553de2\" data-element_type=\"widget\" data-widget_type=\"image_text.default\">\n\t\t\t\t<div class=\"elementor-widget-container\">\n\t\t\t<section class=\"section section-image-text\">\n    <div class=\"wrapper-content\" style=\"background-color: ;\">\n        <div class=\"content   padding-text no-padding-content\">\n            <div class=\"image\">\n                <picture>\n                    <source srcset=\"https:\/\/storage.googleapis.com\/production-meetingpros-io-uploads\/2023\/08\/about-MP.png\" media=\"(max-width: 576px)\">\n                    <img decoding=\"async\" src=\"https:\/\/storage.googleapis.com\/production-meetingpros-io-uploads\/2023\/08\/about-MP.png\" class=\"background-image\"\n                         alt=\"Somos Meeting Pros\">\n                <\/picture>\n            <\/div>\n            <div class=\"text\"\n                 style=\"background-color: ;color: ;\">\n                <div>\n                    <h2 class=\"\" style=\"color: ;\">\n                        We are Meeting Pros                    <\/h2>\n                    <p>Meeting Doctors, Lawyers, and Vets united to offer a unique solution in the market that makes the most sought-after professions available to protect and care for your customers and employees.<\/p><p>Because we believe everyone should have access to the answers they need to live peacefully and calmly.<\/p>                <\/div>\n\n                                                            <a href=\"#contacto\" data-bs-toggle=\"modal\" data-bs-target=\"#modalForm\"\n                           class=\"button button-secondary\"\n                           target=\"_self\">\n                            Contact us                        <\/a>\n                                                <\/div>\n        <\/div>\n    <\/div>\n<\/section>\n\t\t<\/div>\n\t\t\t\t<\/div>\n\t\t\t\t\t<\/div>\n\t\t<\/div>\n\t\t\t\t\t\t\t<\/div>\n\t\t<\/section>\n\t\t\t\t<section class=\"elementor-section elementor-top-section elementor-element elementor-element-c88e0bb elementor-section-boxed elementor-section-height-default elementor-section-height-default\" data-id=\"c88e0bb\" data-element_type=\"section\">\n\t\t\t\t\t\t<div class=\"elementor-container elementor-column-gap-default\">\n\t\t\t\t\t<div class=\"elementor-column elementor-col-100 elementor-top-column elementor-element elementor-element-3a03ae2\" data-id=\"3a03ae2\" data-element_type=\"column\">\n\t\t\t<div class=\"elementor-widget-wrap elementor-element-populated\">\n\t\t\t\t\t\t\t\t<div class=\"elementor-element elementor-element-dfe4205 elementor-widget elementor-widget-image_text\" data-id=\"dfe4205\" data-element_type=\"widget\" data-widget_type=\"image_text.default\">\n\t\t\t\t<div class=\"elementor-widget-container\">\n\t\t\t<section class=\"section section-image-text\">\n    <div class=\"wrapper-content\" style=\"background-color: ;\">\n        <div class=\"content  reverse padding-text no-padding-content\">\n            <div class=\"image\">\n                <picture>\n                    <source srcset=\"https:\/\/storage.googleapis.com\/production-meetingpros-io-uploads\/2023\/08\/about2-MP.png\" media=\"(max-width: 576px)\">\n                    <img decoding=\"async\" src=\"https:\/\/storage.googleapis.com\/production-meetingpros-io-uploads\/2023\/08\/about2-MP.png\" class=\"background-image\"\n                         alt=\"C\u00f3mo estamos ayudando\">\n                <\/picture>\n            <\/div>\n            <div class=\"text\"\n                 style=\"background-color: ;color: ;\">\n                <div>\n                    <h2 class=\"\" style=\"color: ;\">\n                        How we're helping                    <\/h2>\n                    <p>After the experience and journey of collaborating with our clients from each specialization (Doctors, Lawyers, and Vets), we have witnessed the real value for both users and companies.<\/p><p>We are seeing how companies are reducing their customer acquisition costs thanks to this incentive, decreasing their customer churn due to the engagement generated by the service, improving their digital adoption, and, in cases where it is offered to their employees, increasing productivity and reducing absenteeism.\u00a0<\/p><p>The best part? All our services are white-label, so the client capitalizes on the entire return of offering the service, strengthening their brand and brand awareness in the face of competitors.<\/p>                <\/div>\n\n                                                            <a href=\"\" data-bs-toggle=\"modal\" data-bs-target=\"#modalForm\"\n                           class=\"button button-secondary\"\n                           target=\"_self\">\n                            Request a demo                        <\/a>\n                                                <\/div>\n        <\/div>\n    <\/div>\n<\/section>\n\t\t<\/div>\n\t\t\t\t<\/div>\n\t\t\t\t\t<\/div>\n\t\t<\/div>\n\t\t\t\t\t\t\t<\/div>\n\t\t<\/section>\n\t\t\t\t<section class=\"elementor-section elementor-top-section elementor-element elementor-element-32d545d elementor-section-boxed elementor-section-height-default elementor-section-height-default\" data-id=\"32d545d\" data-element_type=\"section\">\n\t\t\t\t\t\t<div class=\"elementor-container elementor-column-gap-default\">\n\t\t\t\t\t<div class=\"elementor-column elementor-col-100 elementor-top-column elementor-element elementor-element-616065c\" data-id=\"616065c\" data-element_type=\"column\">\n\t\t\t<div class=\"elementor-widget-wrap elementor-element-populated\">\n\t\t\t\t\t\t\t\t<div class=\"elementor-element elementor-element-fedf396 elementor-widget elementor-widget-title_text\" data-id=\"fedf396\" data-element_type=\"widget\" data-widget_type=\"title_text.default\">\n\t\t\t\t<div class=\"elementor-widget-container\">\n\t\t\t<section class=\"section section-title-text\"\n         style=\"background-color: ;\">\n    <div class=\"wrapper-content center\"\n         style=\"padding-top: 1rem;                 padding-bottom: 1rem;\">\n        <div class=\"content\"\n             style=\"color:;\">\n            <h2 style=\"color: ;\">\n                Success Stories            <\/h2>\n\n            <p>This is how we are helping some of our clients.<\/p>\n            <!-- <a href=\"#\" class=\"button button-primary mt-4\">Ver m\u00e1s<\/a> -->\n        <\/div>\n    <\/div>\n<\/section>\n\t\t<\/div>\n\t\t\t\t<\/div>\n\t\t\t\t\t<\/div>\n\t\t<\/div>\n\t\t\t\t\t\t\t<\/div>\n\t\t<\/section>\n\t\t\t\t<section class=\"elementor-section elementor-top-section elementor-element elementor-element-dec6135 elementor-section-boxed elementor-section-height-default elementor-section-height-default\" data-id=\"dec6135\" data-element_type=\"section\">\n\t\t\t\t\t\t<div class=\"elementor-container elementor-column-gap-default\">\n\t\t\t\t\t<div class=\"elementor-column elementor-col-100 elementor-top-column elementor-element elementor-element-cfa89fa\" data-id=\"cfa89fa\" data-element_type=\"column\">\n\t\t\t<div class=\"elementor-widget-wrap elementor-element-populated\">\n\t\t\t\t\t\t\t\t<div class=\"elementor-element elementor-element-41af5b5 elementor-widget elementor-widget-two_videos\" data-id=\"41af5b5\" data-element_type=\"widget\" data-widget_type=\"two_videos.default\">\n\t\t\t\t<div class=\"elementor-widget-container\">\n\t\t\t<section class=\"section section-two-videos\"\n         style=\"background-color:;\">\n    <div class=\"wrapper-content\">\n        <div class=\"content\">\n            <div class=\"video\">\n                <div class=\"image-preview open-lightbox\" data-lightbox=\"lightbox-two-videos-41af5b5-1\">\n                    <div class=\"play-button\">\n                        <img decoding=\"async\" src=\"https:\/\/meetingpros.io\/app\/themes\/custom_theme\/build\/assets\/img\/icons\/play.svg\" alt=\"Play\">\n                    <\/div>\n                    <img decoding=\"async\" src=\"https:\/\/storage.googleapis.com\/production-meetingpros-io-uploads\/2023\/08\/doctorI.jpeg\" alt=\"iSalud | Doctor i \" class=\"image\">\n                <\/div>\n                <div class=\"title open-lightbox\" data-lightbox=\"lightbox-two-videos-41af5b5-1\">\n                    iSalud | Doctor i                 <\/div>\n            <\/div>\n            <div class=\"video\">\n                <div class=\"image-preview open-lightbox\" data-lightbox=\"lightbox-two-videos-41af5b5-2\">\n                    <div class=\"play-button\">\n                        <img decoding=\"async\" src=\"https:\/\/meetingpros.io\/app\/themes\/custom_theme\/build\/assets\/img\/icons\/play.svg\" alt=\"Play\">\n                    <\/div>\n                    <img decoding=\"async\" src=\"https:\/\/storage.googleapis.com\/production-meetingpros-io-uploads\/2023\/09\/video-doctorgo.webp\" alt=\"Doctor Go | MASM\u00d3VIL\" class=\"image\">\n                <\/div>\n                <div class=\"title open-lightbox\" data-lightbox=\"lightbox-two-videos-41af5b5-2\">\n                    Doctor Go | MASM\u00d3VIL                <\/div>\n            <\/div>\n        <\/div>\n    <\/div>\n    <div class=\"lightbox\" id=\"lightbox-two-videos-41af5b5-1\"><!-- ID Diferente en cada uno -->\n        <button class=\"button close-button\">\n            <svg xmlns=\"http:\/\/www.w3.org\/2000\/svg\" width=\"60\" height=\"60\" fill=\"#fff\" class=\"bi bi-x-lg\"\n                 viewbox=\"0 0 16 16\">\n                <path d=\"M2.146 2.854a.5.5 0 1 1 .708-.708L8 7.293l5.146-5.147a.5.5 0 0 1 .708.708L8.707 8l5.147 5.146a.5.5 0 0 1-.708.708L8 8.707l-5.146 5.147a.5.5 0 0 1-.708-.708L7.293 8 2.146 2.854Z\"\/>\n            <\/svg>\n        <\/button>\n                <iframe src=\"https:\/\/www.youtube.com\/embed\/HQY9v6wpiZE\" title=\"iSalud | Doctor i \" frameborder=\"0\"\n                allow=\"accelerometer; clipboard-write; encrypted-media; gyroscope; picture-in-picture; web-share\"\n                allowfullscreen><\/iframe>\n    <\/div>\n    <div class=\"lightbox\" id=\"lightbox-two-videos-41af5b5-2\"><!-- ID Diferente en cada uno -->\n        <button class=\"button close-button\">\n            <svg xmlns=\"http:\/\/www.w3.org\/2000\/svg\" width=\"60\" height=\"60\" fill=\"#fff\" class=\"bi bi-x-lg\"\n                 viewbox=\"0 0 16 16\">\n                <path d=\"M2.146 2.854a.5.5 0 1 1 .708-.708L8 7.293l5.146-5.147a.5.5 0 0 1 .708.708L8.707 8l5.147 5.146a.5.5 0 0 1-.708.708L8 8.707l-5.146 5.147a.5.5 0 0 1-.708-.708L7.293 8 2.146 2.854Z\"\/>\n            <\/svg>\n        <\/button>\n                <iframe src=\"https:\/\/www.youtube.com\/embed\/GKttSU376ks\" title=\"Doctor Go | MASM\u00d3VIL\" frameborder=\"0\"\n                allow=\"autoplay; clipboard-write; encrypted-media picture-in-picture;\" allowfullscreen><\/iframe>\n    <\/div>\n<\/section>\n\t\t<\/div>\n\t\t\t\t<\/div>\n\t\t\t\t\t<\/div>\n\t\t<\/div>\n\t\t\t\t\t\t\t<\/div>\n\t\t<\/section>\n\t\t\t\t<section class=\"elementor-section elementor-top-section elementor-element elementor-element-6d1ad90 elementor-section-boxed elementor-section-height-default elementor-section-height-default\" data-id=\"6d1ad90\" data-element_type=\"section\">\n\t\t\t\t\t\t<div class=\"elementor-container elementor-column-gap-default\">\n\t\t\t\t\t<div class=\"elementor-column elementor-col-100 elementor-top-column elementor-element elementor-element-08c5a36\" data-id=\"08c5a36\" data-element_type=\"column\">\n\t\t\t<div class=\"elementor-widget-wrap elementor-element-populated\">\n\t\t\t\t\t\t\t\t<div class=\"elementor-element elementor-element-01669a5 elementor-widget elementor-widget-spacer\" data-id=\"01669a5\" data-element_type=\"widget\" data-widget_type=\"spacer.default\">\n\t\t\t\t<div class=\"elementor-widget-container\">\n\t\t\t<style>\/*! elementor - v3.12.0 - 29-03-2023 *\/\n.elementor-column .elementor-spacer-inner{height:var(--spacer-size)}.e-con{--container-widget-width:100%}.e-con-inner>.elementor-widget-spacer,.e-con>.elementor-widget-spacer{width:var(--container-widget-width,var(--spacer-size));--align-self:var(--container-widget-align-self,initial);--flex-shrink:0}.e-con-inner>.elementor-widget-spacer>.elementor-widget-container,.e-con-inner>.elementor-widget-spacer>.elementor-widget-container>.elementor-spacer,.e-con>.elementor-widget-spacer>.elementor-widget-container,.e-con>.elementor-widget-spacer>.elementor-widget-container>.elementor-spacer{height:100%}.e-con-inner>.elementor-widget-spacer>.elementor-widget-container>.elementor-spacer>.elementor-spacer-inner,.e-con>.elementor-widget-spacer>.elementor-widget-container>.elementor-spacer>.elementor-spacer-inner{height:var(--container-widget-height,var(--spacer-size))}<\/style>\t\t<div class=\"elementor-spacer\">\n\t\t\t<div class=\"elementor-spacer-inner\"><\/div>\n\t\t<\/div>\n\t\t\t\t<\/div>\n\t\t\t\t<\/div>\n\t\t\t\t\t<\/div>\n\t\t<\/div>\n\t\t\t\t\t\t\t<\/div>\n\t\t<\/section>\n\t\t\t\t<section class=\"elementor-section elementor-top-section elementor-element elementor-element-4d239c3 elementor-section-boxed elementor-section-height-default elementor-section-height-default\" data-id=\"4d239c3\" data-element_type=\"section\">\n\t\t\t\t\t\t<div class=\"elementor-container elementor-column-gap-default\">\n\t\t\t\t\t<div class=\"elementor-column elementor-col-100 elementor-top-column elementor-element elementor-element-779d071\" data-id=\"779d071\" data-element_type=\"column\">\n\t\t\t<div class=\"elementor-widget-wrap elementor-element-populated\">\n\t\t\t\t\t\t\t\t<div class=\"elementor-element elementor-element-07755c0 elementor-widget elementor-widget-image_text\" data-id=\"07755c0\" data-element_type=\"widget\" data-widget_type=\"image_text.default\">\n\t\t\t\t<div class=\"elementor-widget-container\">\n\t\t\t<section class=\"section section-image-text\">\n    <div class=\"wrapper-content\" style=\"background-color: ;\">\n        <div class=\"content  reverse padding-text no-padding-content\">\n            <div class=\"image\">\n                <picture>\n                    <source srcset=\"https:\/\/storage.googleapis.com\/production-meetingpros-io-uploads\/2023\/08\/Team-MP.png\" media=\"(max-width: 576px)\">\n                    <img decoding=\"async\" src=\"https:\/\/storage.googleapis.com\/production-meetingpros-io-uploads\/2023\/08\/Team-MP.png\" class=\"background-image\"\n                         alt=\"Equipo\">\n                <\/picture>\n            <\/div>\n            <div class=\"text\"\n                 style=\"background-color: #1C1C1C;color: #FFFFFF;\">\n                <div>\n                    <h2 class=\"\" style=\"color: #FFFFFF;\">\n                        Team                    <\/h2>\n                    <p>All Meeting Doctors, Lawyers, and Vets teams working together to offer a unique solution in the market.\u00a0<\/p><p>\u00a0<\/p>                <\/div>\n\n                            <\/div>\n        <\/div>\n    <\/div>\n<\/section>\n\t\t<\/div>\n\t\t\t\t<\/div>\n\t\t\t\t\t<\/div>\n\t\t<\/div>\n\t\t\t\t\t\t\t<\/div>\n\t\t<\/section>\n\t\t\t\t<section class=\"elementor-section elementor-top-section elementor-element elementor-element-25d8f4a elementor-section-boxed elementor-section-height-default elementor-section-height-default\" data-id=\"25d8f4a\" data-element_type=\"section\">\n\t\t\t\t\t\t<div class=\"elementor-container elementor-column-gap-default\">\n\t\t\t\t\t<div class=\"elementor-column elementor-col-100 elementor-top-column elementor-element elementor-element-9e25744\" data-id=\"9e25744\" data-element_type=\"column\">\n\t\t\t<div class=\"elementor-widget-wrap elementor-element-populated\">\n\t\t\t\t\t\t\t\t<div class=\"elementor-element elementor-element-37df5ab elementor-widget elementor-widget-contact_form\" data-id=\"37df5ab\" data-element_type=\"widget\" data-widget_type=\"contact_form.default\">\n\t\t\t\t<div class=\"elementor-widget-container\">\n\t\t\t    <div class=\"anchor\" id=\"contacto\"><\/div>\n<section class=\"section section-form\"\n         style=\"background-color:;background-image: url('https:\/\/storage.googleapis.com\/production-meetingpros-io-uploads\/2023\/07\/background_form-1.png');\">\n    <div class=\"bullets-colors\">\n        <div class=\"bullet\" style=\"background-color: #1C1C1C;\"><\/div>\n        <div class=\"bullet\" style=\"background-color: #4FA6FB;\"><\/div>\n        <div class=\"bullet\" style=\"background-color: #C7003E;\"><\/div>\n        <div class=\"bullet\" style=\"background-color: #3BC137;\"><\/div>\n    <\/div>\n    <div class=\"wrapper-content\">\n        <div class=\"content\">\n            <div class=\"text\" style=\"color:;\">\n                <h2 style=\"color:;\">\n                    Contact us                <\/h2>\n\n                <p>We will answer your questions, show you our product, and design the best solution for your company.<\/p>            <\/div>\n\n            <form id=\"form-contacta\" class=\"form\" action=\"\/en\/forms\/contact.php\/\" method=\"POST\" data-trp-original-action=\"\/forms\/contact.php\">\n                <input type=\"hidden\" name=\"origin\" value=\"Meeting_Contact_Form\">\n                <input type=\"text\" id=\"input1\" name=\"input1\" style=\"display:none;\" \/>\n                <div class=\"inputs\">\n                    <label for=\"name\">Name<\/label>\n                    <div class=\"input\">\n                        <input id=\"name\" type=\"text\" name=\"name\" placeholder=\"Name\">\n                    <\/div>\n                    <span class=\"message-error\">El campo es obligatorio.<\/span>\n                <\/div>\n                <div class=\"inputs\">\n                    <label for=\"lastname\">Surname<\/label>\n                    <div class=\"input\">\n                        <input id=\"lastname\" type=\"text\" name=\"lastname\" placeholder=\"Surname\">\n                    <\/div>\n                    <span class=\"message-error\">El campo es obligatorio.<\/span>\n                <\/div>\n                <div class=\"inputs\">\n                    <label for=\"email\">email<\/label>\n                    <div class=\"input\">\n                        <input id=\"email\" type=\"text\" name=\"email\" placeholder=\"email\">\n                    <\/div>\n                    <span class=\"message-error\">El campo es obligatorio.<\/span>\n                <\/div>\n                <div class=\"inputs\">\n                    <label for=\"enterprise\">Company<\/label>\n                    <div class=\"input\">\n                        <input id=\"enterprise\" type=\"text\" name=\"enterprise\" placeholder=\"Nombre de la empresa\">\n                    <\/div>\n                    <span class=\"message-error\">El campo es obligatorio.<\/span>\n                <\/div>\n                <div class=\"textareas\">\n                    <label for=\"contact-message\">Message<\/label>\n                    <div class=\"textarea\">\n                        <textarea id=\"message\" name=\"message\" placeholder=\"How can we help you?\"><\/textarea>\n                    <\/div>\n                    <span class=\"message-error\">El campo es obligatorio.<\/span>\n                <\/div>\n                <div class=\"checkboxs\">\n                    <div class=\"fake-label\"><\/div>\n                    <div class=\"options\">\n                        <label for=\"legals\" class=\"checkbox\">\n                            <input id=\"legals\" type=\"checkbox\" name=\"legals\"\/>\n                            <span class=\"fake-input\"><\/span>\n                            <span class=\"description\">I have read and accept <a target=\"_blank\"\n                                                                              href=\"https:\/\/meetingpros.io\/en\/politica-privacidad\/\">Privacy policy.<\/a><\/span>\n                        <\/label>\n                    <\/div>\n                    <span class=\"message-error\">El campo es obligatorio.<\/span>\n                <\/div>\n                <div class=\"footer-form\">\n                    <button type=\"submit\" id=\"submit-form-contacta\" class=\"button button-secondary\">Send\n                    <\/button>\n                    <div class=\"sent d-none\">Submitted successfully<\/div>\n                    <div class=\"failed d-none\">An unexpected error has occurred<\/div>\n                <\/div>\n            <input type=\"hidden\" name=\"trp-form-language\" value=\"en\"\/><\/form>\n        <\/div>\n    <\/div>\n<\/section>\n\t\t<\/div>\n\t\t\t\t<\/div>\n\t\t\t\t\t<\/div>\n\t\t<\/div>\n\t\t\t\t\t\t\t<\/div>\n\t\t<\/section>\n\t\t\t\t\t\t\t<\/div>","protected":false},"excerpt":{"rendered":"<p>Accesible como Google. De confianza como un profesional. Respuestas de los mejores profesionales, inmediatas y siempre disponibles, para las preguntas m\u00e1s importantes. Somos Meeting Pros Meeting Doctors, Lawyers y Vets unidos para ofrecer una soluci\u00f3n \u00fanica en el mercado que pone a disposici\u00f3n a las profesiones m\u00e1s buscadas para proteger y cuidar a tus clientes [&hellip;]<\/p>","protected":false},"author":1,"featured_media":0,"parent":0,"menu_order":0,"comment_status":"closed","ping_status":"closed","template":"","meta":{"footnotes":""},"class_list":["post-178","page","type-page","status-publish","hentry"],"meta_box":{"page-title":"MeetingPros - About us","page-description":"Respuesta de m\u00e9dicos, abogados y veterinarios en menos de 2 minutos.","page-image":[{"width":150,"height":65,"file":"2023\/08\/Group-514298.png","filesize":158816,"sizes":[],"image_meta":{"aperture":"0","credit":"","camera":"","caption":"","created_timestamp":"0","copyright":"","focal_length":"0","iso":"0","shutter_speed":"0","title":"","orientation":"0","keywords":[]},"gs_link":"https:\/\/storage.googleapis.com\/production-meetingpros-io-uploads\/2023\/08\/Group-514298.png","gs_name":"2023\/08\/Group-514298.png","gs_bucket":"production-meetingpros-io-uploads","ID":"525","name":"Group-514298.png","path":"\/var\/www\/web\/app\/uploads\/2023\/08\/Group-514298.png","url":"https:\/\/storage.googleapis.com\/production-meetingpros-io-uploads\/2023\/08\/Group-514298.png","full_url":"https:\/\/storage.googleapis.com\/production-meetingpros-io-uploads\/2023\/08\/Group-514298.png","title":"Group 514298","caption":"","description":"","alt":"","srcset":false}]},"_links":{"self":[{"href":"https:\/\/meetingpros.io\/en\/wp-json\/wp\/v2\/pages\/178","targetHints":{"allow":["GET"]}}],"collection":[{"href":"https:\/\/meetingpros.io\/en\/wp-json\/wp\/v2\/pages"}],"about":[{"href":"https:\/\/meetingpros.io\/en\/wp-json\/wp\/v2\/types\/page"}],"author":[{"embeddable":true,"href":"https:\/\/meetingpros.io\/en\/wp-json\/wp\/v2\/users\/1"}],"replies":[{"embeddable":true,"href":"https:\/\/meetingpros.io\/en\/wp-json\/wp\/v2\/comments?post=178"}],"version-history":[{"count":55,"href":"https:\/\/meetingpros.io\/en\/wp-json\/wp\/v2\/pages\/178\/revisions"}],"predecessor-version":[{"id":694,"href":"https:\/\/meetingpros.io\/en\/wp-json\/wp\/v2\/pages\/178\/revisions\/694"}],"wp:attachment":[{"href":"https:\/\/meetingpros.io\/en\/wp-json\/wp\/v2\/media?parent=178"}],"curies":[{"name":"wp","href":"https:\/\/api.w.org\/{rel}","templated":true}]}}