{"id":230,"date":"2023-06-30T07:58:33","date_gmt":"2023-06-30T07:58:33","guid":{"rendered":"https:\/\/meetingpros.io\/?page_id=230"},"modified":"2023-08-29T17:12:00","modified_gmt":"2023-08-29T17:12:00","slug":"politica-de-cookies","status":"publish","type":"page","link":"https:\/\/meetingpros.io\/en\/politica-de-cookies\/","title":{"rendered":"Politica de cookies"},"content":{"rendered":"<h2>Cookie Policy<\/h2>\n<p>La direcci\u00f3n de nuestra web es: https:\/\/meetingdoctors.com.<\/p>\n<p>El sitio Web de\u00a0<strong>MeetingPros <\/strong>y sus dominios utilizan cookies (peque\u00f1os archivos de informaci\u00f3n que el servidor env\u00eda al ordenador de quien accede a la p\u00e1gina) para el correcto funcionamiento y visualizaci\u00f3n de los sitios Web por parte del usuario, as\u00ed como la recogida de estad\u00edsticas. En concreto, se utilizan las siguientes cookies:<\/p>\n<table class=\"data\" width=\"1365\">\n<tbody>\n<tr>\n<th>Cookies<\/th>\n<th>Tipo<\/th>\n<th>Temporalidad<\/th>\n<th>Titularidad<\/th>\n<th>Finalidad<\/th>\n<\/tr>\n<tr>\n<td><strong>Google Analytics<\/strong><\/p>\n<ul>\n<li>_ga<\/li>\n<li>_gat<\/li>\n<li>_gid<\/li>\n<li>Otras posibles cookies a cargar por el servicio de monitorizaci\u00f3n de visitas de Google\u00a0<a href=\"https:\/\/www.meetinglawyers.com\/cookies.html#1\">[1]<\/a><\/li>\n<\/ul>\n<\/td>\n<td>Anal\u00edtica<\/td>\n<td>Permanente\/Temporal<\/td>\n<td>Condiciones del servicio:\u00a0<a href=\"https:\/\/www.meetinglawyers.com\/cookies.html#2\">[2]<\/a><\/td>\n<td>Generar un identificador de usuario \u00fanico, que es el que se utiliza para hacer recuento de cu\u00e1ntas veces visita el sitio un usuario, as\u00ed como la fecha de la primera y la \u00faltima vez que visit\u00f3 la web. Registrar la fecha y hora de acceso a cualquiera de las p\u00e1ginas del Sitio. Comprobar la necesidad de mantener la sesi\u00f3n de un usuario abierta o crear una nueva. Identificar la sesi\u00f3n del usuario, para recoger la ubicaci\u00f3n geogr\u00e1fica aproximada del ordenador que accede al Sitio con efectos estad\u00edsticos.<\/td>\n<\/tr>\n<\/tbody>\n<\/table>\n<p>&nbsp;<\/p>\n<ul>\n<li>[1] \u2013 Uso de las cookies de Google Analytics en los sitios web:\u00a0<a href=\"https:\/\/developers.google.com\/analytics\/devguides\/collection\/analyticsjs\/cookie-usage?hl=es\" rel=\"nofollow\">https:\/\/developers.google.com\/analytics\/devguides\/collection\/analyticsjs\/cookie-usage?hl=es<\/a><\/li>\n<li>[2] \u2013 Condiciones de privacidad de Google Analytics:\u00a0<a href=\"https:\/\/www.google.com\/policies\/privacy\/\" rel=\"nofollow\">https:\/\/www.google.com\/policies\/privacy\/<\/a><\/li>\n<\/ul>\n<p>&nbsp;<\/p>\n<h3>Servicios de terceros<\/h3>\n<p>Adicionalmente,\u00a0<strong>MeetingPros <\/strong>tiene presencia en portales y servicios de terceros para los que, si se desea conocer las condiciones de privacidad y uso de cookies, deber\u00e1n consultarle las pol\u00edticas proporcionadas por los mismos: Twitter:\u00a0<a href=\"https:\/\/twitter.com\/privacy\" rel=\"nofollow\">https:\/\/twitter.com\/privacy<\/a>\u00a0Linkedin:\u00a0<a href=\"https:\/\/es.linkedin.com\/legal\/privacy-policy?\" rel=\"nofollow\">https:\/\/es.linkedin.com\/legal\/privacy-policy?<\/a><\/p>\n<h3>Aceptaci\u00f3n de la pol\u00edtica de cookies<\/h3>\n<p><strong>MeetingDoctors<\/strong>\u00a0muestra informaci\u00f3n sobre su Pol\u00edtica de cookies en la parte inferior de cualquier p\u00e1gina del sitio web con cada inicio de sesi\u00f3n con el objeto de que usted sea consciente. Ante esta informaci\u00f3n es posible llevar a cabo las siguientes acciones:<\/p>\n<ul>\n<li><strong>Cancelar<\/strong>: No se utilizar\u00e1n cookies.<\/li>\n<li><strong>Aceptar cookies<\/strong>: Acepta su uso y no se volver\u00e1 a visualizar este aviso al acceder a cualquier p\u00e1gina del portal durante la presente sesi\u00f3n.<\/li>\n<\/ul>\n<p>&nbsp;<\/p>\n<h3>C\u00f3mo modificar la configuraci\u00f3n de las cookies<\/h3>\n<p>Usted puede restringir, bloquear o borrar las cookies de\u00a0<strong>MeetingPros <\/strong>o cualquier otra p\u00e1gina web, utilizando su navegador. En cada navegador la operativa es diferente, la funci\u00f3n de \u2018Ayuda\u00bb le mostrar\u00e1 c\u00f3mo hacerlo.<\/p>\n<ul>\n<li>Internet Explorer:\u00a0<a href=\"https:\/\/windows.microsoft.com\/es-xl\/internet-explorer\/delete-manage-cookies#ie=ie-10\" rel=\"nofollow\">windows.microsoft .com\/es-xl\/internet-explorer\/delete-manage-cookies#ie=\u00bbie-10\u2033<\/a><\/li>\n<li>Microsoft Edge:\u00a0<a href=\"https:\/\/support.microsoft.com\/es-es\/help\/4468242\/microsoft-edge-browsing-data-and-privacy-microsoft-\" rel=\"nofollow\">support.microsoft.com\/es-es\/help\/4468242\/microsoft-edge-browsing-data-and-privacy-microsoft- privacy<\/a><\/li>\n<li>FireFox:\u00a0<a href=\"https:\/\/support.mozilla.org\/es\/kb\/Borrar%20cookies\" rel=\"nofollow\">support.mozilla .org\/es\/kb\/Borrar%20cookies<\/a><\/li>\n<li>Chrome:\u00a0<a href=\"https:\/\/support.google.com\/chrome\/answer\/95647?hl=es\" rel=\"nofollow\">support.google.com\/chrome\/answer\/95647?hl=es<\/a><\/li>\n<li>Safari:\u00a0<a href=\"https:\/\/www.apple.com\/es\/privacy\/use-of-\" rel=\"nofollow\">www.apple.com\/es\/privacy\/use-of-cookies\/<\/a><\/li>\n<\/ul>","protected":false},"excerpt":{"rendered":"<p>Pol\u00edtica de Cookies La direcci\u00f3n de nuestra web es: https:\/\/meetingdoctors.com. El sitio Web de\u00a0MeetingPros y sus dominios utilizan cookies (peque\u00f1os archivos de informaci\u00f3n que el servidor env\u00eda al ordenador de quien accede a la p\u00e1gina) para el correcto funcionamiento y visualizaci\u00f3n de los sitios Web por parte del usuario, as\u00ed como la recogida de estad\u00edsticas. [&hellip;]<\/p>","protected":false},"author":1,"featured_media":0,"parent":0,"menu_order":0,"comment_status":"closed","ping_status":"closed","template":"template_without_elementor.php","meta":{"footnotes":""},"class_list":["post-230","page","type-page","status-publish","hentry"],"meta_box":{"page-title":"MeetingPros - Politica de cookies","page-description":"El servicio de consulta digital con empleados para empresas. M\u00e9dicos, abogados y veterinarios disponibles al momento.","page-image":[{"width":150,"height":65,"file":"2023\/08\/Group-514298.png","filesize":158816,"sizes":[],"image_meta":{"aperture":"0","credit":"","camera":"","caption":"","created_timestamp":"0","copyright":"","focal_length":"0","iso":"0","shutter_speed":"0","title":"","orientation":"0","keywords":[]},"gs_link":"https:\/\/storage.googleapis.com\/production-meetingpros-io-uploads\/2023\/08\/Group-514298.png","gs_name":"2023\/08\/Group-514298.png","gs_bucket":"production-meetingpros-io-uploads","ID":"525","name":"Group-514298.png","path":"\/var\/www\/web\/app\/uploads\/2023\/08\/Group-514298.png","url":"https:\/\/storage.googleapis.com\/production-meetingpros-io-uploads\/2023\/08\/Group-514298.png","full_url":"https:\/\/storage.googleapis.com\/production-meetingpros-io-uploads\/2023\/08\/Group-514298.png","title":"Group 514298","caption":"","description":"","alt":"","srcset":false}]},"_links":{"self":[{"href":"https:\/\/meetingpros.io\/en\/wp-json\/wp\/v2\/pages\/230","targetHints":{"allow":["GET"]}}],"collection":[{"href":"https:\/\/meetingpros.io\/en\/wp-json\/wp\/v2\/pages"}],"about":[{"href":"https:\/\/meetingpros.io\/en\/wp-json\/wp\/v2\/types\/page"}],"author":[{"embeddable":true,"href":"https:\/\/meetingpros.io\/en\/wp-json\/wp\/v2\/users\/1"}],"replies":[{"embeddable":true,"href":"https:\/\/meetingpros.io\/en\/wp-json\/wp\/v2\/comments?post=230"}],"version-history":[{"count":4,"href":"https:\/\/meetingpros.io\/en\/wp-json\/wp\/v2\/pages\/230\/revisions"}],"predecessor-version":[{"id":527,"href":"https:\/\/meetingpros.io\/en\/wp-json\/wp\/v2\/pages\/230\/revisions\/527"}],"wp:attachment":[{"href":"https:\/\/meetingpros.io\/en\/wp-json\/wp\/v2\/media?parent=230"}],"curies":[{"name":"wp","href":"https:\/\/api.w.org\/{rel}","templated":true}]}}