{"id":3,"date":"2023-03-31T10:17:36","date_gmt":"2023-03-31T10:17:36","guid":{"rendered":"https:\/\/meetingpros.io\/?page_id=3"},"modified":"2023-09-07T14:35:39","modified_gmt":"2023-09-07T14:35:39","slug":"politica-privacidad","status":"publish","type":"page","link":"https:\/\/meetingpros.io\/en\/politica-privacidad\/","title":{"rendered":"Pol\u00edtica de privacidad"},"content":{"rendered":"<h2>Aviso Legal y Pol\u00edtica de Privacidad<\/h2>\n<p>&nbsp;<\/p>\n<p>La prestaci\u00f3n de los servicios profesionales de MeetingDoctors, conlleva necesariamente el tratamiento de los datos personales de sus clientes.<\/p>\n<p>MeetingDoctors, tambi\u00e9n necesita disponer de sus datos personales para acciones de comunicaci\u00f3n comercial respecto a sus contactos, cuando Ud. est\u00e1 interesado en nuestros servicios profesionales, asesoramiento, consultas, etc.<\/p>\n<p>Conforme al REGLAMENTO (UE) 2016\/679 DEL PARLAMENTO EUROPEO Y DEL CONSEJO de 27 de abril de 2016, relativo a la protecci\u00f3n de las personas f\u00edsicas en lo que respecta al tratamiento de datos personales y a la libre circulaci\u00f3n de estos datos, y a la legislaci\u00f3n de protecci\u00f3n de datos vigente, Ley 3\/2018, de 5 de diciembre, de Protecci\u00f3n de Datos personales y garant\u00eda de los derechos digitales, as\u00ed como la Ley 34\/2002, de 11 de julio, de Servicios de la Sociedad de la Informaci\u00f3n y Comercio Electr\u00f3nico MeetingDoctors le informa del tratamiento de los datos personales seg\u00fan la presente Pol\u00edtica de Privacidad.<\/p>\n<h3><\/h3>\n<h3>Identificaci\u00f3n del Responsable del Tratamiento<\/h3>\n<p>Denominaci\u00f3n social: MEETING DOCTORS SL<\/p>\n<p>Domicilio: Calle del Milanesado, 25-27 Planta 3 8017 Barcelona<\/p>\n<p>NIF: B66940982<\/p>\n<p>Puedes contactar con MeetingDoctors por correo electr\u00f3nico: soporte@meetingdoctors.com<\/p>\n<p>Puedes ejercitar tus derechos sobre protecci\u00f3n de datos por correo electr\u00f3nico: dpo@meetingdoctors.com<\/p>\n<p>Inscrita en el Registro Mercantil de Barcelona, Tomo 45780, Folio 39, Hoja B498734<\/p>\n<h3><\/h3>\n<h3>Finalidad de la recogida y tratamiento de datos personales<\/h3>\n<p>Le informamos que sus datos personales ser\u00e1n tratados por MeetingDoctors, para poder presentarle una propuesta de servicios y gestionar la prestaci\u00f3n del servicio solicitado en caso de contrataci\u00f3n o encargo.<\/p>\n<p>Es posible que se le remita publicidad por v\u00eda electr\u00f3nica sobre nuevas prestaciones de servicios ligados a su inter\u00e9s como cliente o potencial cliente, as\u00ed como informaciones y recomendaciones de los distintos \u00e1mbitos del derecho, si as\u00ed lo autoriz\u00f3 en el momento de la recogida de sus datos, mediante consentimiento expl\u00edcito o bien si es o ha sido cliente de MeetingDoctors, en base al inter\u00e9s leg\u00edtimo.<\/p>\n<h3><\/h3>\n<h3>Tipolog\u00eda de datos personales que ser\u00e1n tratados<\/h3>\n<p>Se entiende por dato personal aquel dato que identifica o hace identificable una persona f\u00edsica. Los datos a tratar por MeetingDoctors, en el marco de la relaci\u00f3n con el interesado y condicionado a las finalidades consentidas, se incluyen en las siguientes categor\u00edas:<\/p>\n<ul>\n<li>Datos identificativos y de contacto: nombre, apellidos, NIF, tel\u00e9fono, direcci\u00f3n postal o correo electr\u00f3nico.<\/li>\n<li>Datos de informaci\u00f3n comercial en funci\u00f3n de las indicaciones recibidas.<\/li>\n<li>Aquellos datos estrictamente necesarios para la prestaci\u00f3n del servicio profesional que ha contratado con MeetingDoctors.<\/li>\n<\/ul>\n<h3><\/h3>\n<h3>Recogida de sus datos personales<\/h3>\n<p>Mayoritariamente, pero no de forma limitativa, sus datos podr\u00e1n ser recogidos cuando se nos faciliten v\u00eda formulario web, v\u00eda email, con la entrega de documentos fotocopiados o mediante la formalizaci\u00f3n de contratos y hojas de encargo.<\/p>\n<h3><\/h3>\n<h3>Comunicaci\u00f3n y destino de los datos personales<\/h3>\n<p>Los datos del interesado se comunicar\u00e1n a MeetingDoctors, exclusivamente para las finalidades indicadas. Tambi\u00e9n podr\u00e1n ser cedidos en los casos en que exista una obligaci\u00f3n legal a las autoridades y administraciones competentes, Notar\u00edas, Procuradores y Administraciones P\u00fablicas, en especial, Juzgados y Tribunales,<\/p>\n<h3><\/h3>\n<h3>Base jur\u00eddica del tratamiento de los datos personales<\/h3>\n<p>La base jur\u00eddica que legitima los tratamientos es la ejecuci\u00f3n del contrato en caso de contrataci\u00f3n o bien el inter\u00e9s leg\u00edtimo por otros servicios profesionales similares de MeetingDoctors, si ha sido cliente anteriormente.<\/p>\n<p>Su consentimiento expl\u00edcito otorgado para poder personalizarle y comunicarle el presupuesto en caso de petici\u00f3n de servicios y su consentimiento expl\u00edcito en el caso de no existir una relaci\u00f3n contractual anterior.<\/p>\n<h3><\/h3>\n<h3>Periodo de conservaci\u00f3n de sus datos personales<\/h3>\n<p>Los datos personales proporcionados se conservar\u00e1n mientras sean necesarios para la prestaci\u00f3n de servicios contratados, para dar respuesta a las peticiones o solicitudes realizadas, y en cualquier caso mientras no se solicite la supresi\u00f3n por parte del interesado, as\u00ed como durante el tiempo necesario para dar cumplimiento a las obligaciones legales que en cada caso correspondan acorde con cada tipolog\u00eda de datos y prestaci\u00f3n de servicios<\/p>\n<h3><\/h3>\n<h3>Derechos de los interesados<\/h3>\n<p>Podr\u00e1 acceder a sus datos personales, as\u00ed como a solicitar la rectificaci\u00f3n de los mismos, si considera que no son exactos o err\u00f3neos. Tambi\u00e9n se puede solicitar la supresi\u00f3n, en caso de que ya no sean pertinentes para los fines para los que fueron recogidos.<\/p>\n<p>Podr\u00e1 oponerse al tratamiento de sus datos, si dadas sus circunstancias considera que el tratamiento no es pertinente ni adecuado. En tal caso, MeetingDoctors, dejar\u00e1 de tratar los datos salvo que sea necesario para cumplir con las obligaciones legales o en la defensa de posibles reclamaciones.<\/p>\n<p>En determinadas circunstancias, los clientes o interesados podr\u00e1n solicitar la limitaci\u00f3n del tratamiento, de modo que MeetingDoctors, s\u00f3lo los utilizar\u00e1 para aquellas finalidades en que haya sido autorizado o en los casos previstos por la Ley. Podr\u00e1 solicitar la portabilidad de sus datos y solicitar la entrega en un formato estructurado de sus datos en formato electr\u00f3nico para la transmisi\u00f3n directa de los mismos a otros encargados del tratamiento.<\/p>\n<p>El interesado podr\u00e1 ejercer sus derechos mediante el env\u00edo de un correo electr\u00f3nico a la direcci\u00f3n soporte@meetingdoctors.com adjuntando fotocopia del DNI o documento acreditativo de su identidad e indicando el derecho que se desea ejercer. Podr\u00e1 revocar el consentimiento prestado en cualquier momento y presentar una reclamaci\u00f3n relacionada con el tratamiento de sus datos personales ante la Autoridad de Control (AEPD).<\/p>","protected":false},"excerpt":{"rendered":"<p>Aviso Legal y Pol\u00edtica de Privacidad &nbsp; La prestaci\u00f3n de los servicios profesionales de MeetingDoctors, conlleva necesariamente el tratamiento de los datos personales de sus clientes. MeetingDoctors, tambi\u00e9n necesita disponer de sus datos personales para acciones de comunicaci\u00f3n comercial respecto a sus contactos, cuando Ud. est\u00e1 interesado en nuestros servicios profesionales, asesoramiento, consultas, etc. Conforme [&hellip;]<\/p>","protected":false},"author":1,"featured_media":0,"parent":0,"menu_order":0,"comment_status":"closed","ping_status":"open","template":"template_without_elementor.php","meta":{"footnotes":""},"class_list":["post-3","page","type-page","status-publish","hentry"],"meta_box":{"page-title":"MeetingPros - Pol\u00edtica de privacidad","page-description":"El servicio de consulta con profesionales para empresas","page-image":[{"width":150,"height":65,"file":"2023\/08\/Group-514298.png","filesize":158816,"sizes":[],"image_meta":{"aperture":"0","credit":"","camera":"","caption":"","created_timestamp":"0","copyright":"","focal_length":"0","iso":"0","shutter_speed":"0","title":"","orientation":"0","keywords":[]},"gs_link":"https:\/\/storage.googleapis.com\/production-meetingpros-io-uploads\/2023\/08\/Group-514298.png","gs_name":"2023\/08\/Group-514298.png","gs_bucket":"production-meetingpros-io-uploads","ID":"525","name":"Group-514298.png","path":"\/var\/www\/web\/app\/uploads\/2023\/08\/Group-514298.png","url":"https:\/\/storage.googleapis.com\/production-meetingpros-io-uploads\/2023\/08\/Group-514298.png","full_url":"https:\/\/storage.googleapis.com\/production-meetingpros-io-uploads\/2023\/08\/Group-514298.png","title":"Group 514298","caption":"","description":"","alt":"","srcset":false}]},"_links":{"self":[{"href":"https:\/\/meetingpros.io\/en\/wp-json\/wp\/v2\/pages\/3","targetHints":{"allow":["GET"]}}],"collection":[{"href":"https:\/\/meetingpros.io\/en\/wp-json\/wp\/v2\/pages"}],"about":[{"href":"https:\/\/meetingpros.io\/en\/wp-json\/wp\/v2\/types\/page"}],"author":[{"embeddable":true,"href":"https:\/\/meetingpros.io\/en\/wp-json\/wp\/v2\/users\/1"}],"replies":[{"embeddable":true,"href":"https:\/\/meetingpros.io\/en\/wp-json\/wp\/v2\/comments?post=3"}],"version-history":[{"count":3,"href":"https:\/\/meetingpros.io\/en\/wp-json\/wp\/v2\/pages\/3\/revisions"}],"predecessor-version":[{"id":680,"href":"https:\/\/meetingpros.io\/en\/wp-json\/wp\/v2\/pages\/3\/revisions\/680"}],"wp:attachment":[{"href":"https:\/\/meetingpros.io\/en\/wp-json\/wp\/v2\/media?parent=3"}],"curies":[{"name":"wp","href":"https:\/\/api.w.org\/{rel}","templated":true}]}}